{"id":8620,"date":"2025-09-05T06:14:46","date_gmt":"2025-09-05T09:14:46","guid":{"rendered":"https:\/\/www.chicagoblower.com.ar\/ar\/?page_id=8620"},"modified":"2025-09-05T06:19:40","modified_gmt":"2025-09-05T09:19:40","slug":"rotores-centrifugos-industriales","status":"publish","type":"page","link":"https:\/\/www.chicagoblower.com.ar\/ar\/herramientas-para-ventiladores\/rotores-centrifugos-industriales\/","title":{"rendered":"Tipos de Rotores Centr\u00edfugos"},"content":{"rendered":"<div class=\"fusion-fullwidth fullwidth-box fusion-builder-row-1 fusion-flex-container nonhundred-percent-fullwidth non-hundred-percent-height-scrolling\" style=\"--awb-border-radius-top-left:0px;--awb-border-radius-top-right:0px;--awb-border-radius-bottom-right:0px;--awb-border-radius-bottom-left:0px;--awb-flex-wrap:wrap;\" ><div class=\"fusion-builder-row fusion-row fusion-flex-align-items-flex-start fusion-flex-content-wrap\" style=\"max-width:1216.8px;margin-left: calc(-4% \/ 2 );margin-right: calc(-4% \/ 2 );\"><div class=\"fusion-layout-column fusion_builder_column fusion-builder-column-0 fusion_builder_column_1_1 1_1 fusion-flex-column\" style=\"--awb-bg-blend:overlay;--awb-bg-size:cover;--awb-width-large:100%;--awb-margin-top-large:0px;--awb-spacing-right-large:1.92%;--awb-margin-bottom-large:0px;--awb-spacing-left-large:1.92%;--awb-width-medium:100%;--awb-spacing-right-medium:1.92%;--awb-spacing-left-medium:1.92%;--awb-width-small:100%;--awb-spacing-right-small:1.92%;--awb-spacing-left-small:1.92%;\"><div class=\"fusion-column-wrapper fusion-flex-justify-content-flex-start fusion-content-layout-column\"><div class=\"fusion-text fusion-text-1\"><section id=\"tipos-de-rotor\">\n<h1>Tipos de Rotores Centr\u00edfugos<\/h1>\n<p>La elecci\u00f3n del rotor es un factor determinante en el desempe\u00f1o de un ventilador centr\u00edfugo. Cada dise\u00f1o responde a condiciones de operaci\u00f3n espec\u00edficas, relacionadas con el <strong>tipo de aire o gas a mover<\/strong> y la necesidad de alcanzar la <strong>mayor eficiencia energ\u00e9tica posible<\/strong> en cada proceso industrial. A continuaci\u00f3n se describen los principales tipos de rotor empleados en <strong>nuestros ventiladores industriales<\/strong>:<\/p>\n<\/section>\n<\/div><div class=\"fusion-separator fusion-full-width-sep\" style=\"align-self: center;margin-left: auto;margin-right: auto;margin-top:20px;margin-bottom:20px;width:100%;\"><div class=\"fusion-separator-border sep-single\" style=\"--awb-height:20px;--awb-amount:20px;border-color:#eae8e8;border-top-width:2px;\"><\/div><\/div><div class=\"fusion-text fusion-text-2\"><h2>Airfoil<\/h2>\n<p>Los rotores centr\u00edfugos AIRFOIL de palas con perfil aerodin\u00e1mico optimizado, similares al de un ala de avi\u00f3n. Se caracterizan por su <strong>alta eficiencia energ\u00e9tica<\/strong>, niveles de ruido reducidos y un comportamiento <strong>autolimitante de potencia<\/strong>, que protege al motor frente a variaciones de carga. Adecuados para aire limpio o con part\u00edculas finas no abrasivas; se utilizan en climatizaci\u00f3n industrial, cabinas de pintura y procesos donde se prioriza el ahorro energ\u00e9tico y el funcionamiento silencioso.<\/p>\n<\/div><div class=\"fusion-image-element \" style=\"text-align:center;--awb-margin-bottom:20px;--awb-max-width:150px.;--awb-caption-title-font-family:var(--h2_typography-font-family);--awb-caption-title-font-weight:var(--h2_typography-font-weight);--awb-caption-title-font-style:var(--h2_typography-font-style);--awb-caption-title-size:var(--h2_typography-font-size);--awb-caption-title-transform:var(--h2_typography-text-transform);--awb-caption-title-line-height:var(--h2_typography-line-height);--awb-caption-title-letter-spacing:var(--h2_typography-letter-spacing);\"><span class=\" fusion-imageframe imageframe-none imageframe-1 hover-type-none\"><img decoding=\"async\" width=\"150\" height=\"96\" alt=\"Rotor de Palas Airfoil\" title=\"Rotor de Palas AIRFOIL\" src=\"https:\/\/www.chicagoblower.com.ar\/ar\/wp-content\/uploads\/Palas-AIRFOIL.jpg\" data-orig-src=\"https:\/\/www.chicagoblower.com.ar\/ar\/wp-content\/uploads\/Palas-AIRFOIL-150x96.jpg\" class=\"lazyload img-responsive wp-image-8621\" srcset=\"data:image\/svg+xml,%3Csvg%20xmlns%3D%27http%3A%2F%2Fwww.w3.org%2F2000%2Fsvg%27%20width%3D%27590%27%20height%3D%27378%27%20viewBox%3D%270%200%20590%20378%27%3E%3Crect%20width%3D%27590%27%20height%3D%27378%27%20fill-opacity%3D%220%22%2F%3E%3C%2Fsvg%3E\" data-srcset=\"https:\/\/www.chicagoblower.com.ar\/ar\/wp-content\/uploads\/Palas-AIRFOIL-200x128.jpg 200w, https:\/\/www.chicagoblower.com.ar\/ar\/wp-content\/uploads\/Palas-AIRFOIL-400x256.jpg 400w, https:\/\/www.chicagoblower.com.ar\/ar\/wp-content\/uploads\/Palas-AIRFOIL.jpg 590w\" data-sizes=\"auto\" data-orig-sizes=\"(max-width: 800px) 100vw, (max-width: 640px) 100vw, 150px\" \/><\/span><\/div><div class=\"fusion-text fusion-text-3\"><h2>Backward Inclined (BI) y Backward Curved (BC)<\/h2>\n<p>Rotores centr\u00edfugos con \u00e1labes inclinados o curvados hacia atr\u00e1s. Presentan comportamiento <strong>autolimitante de potencia<\/strong> y una <strong>eficiencia similar a los airfoil<\/strong>. Recomendados para aire limpio o con ligera presencia de polvo, en procesos industriales, sistemas de extracci\u00f3n y hornos que requieren una operaci\u00f3n confiable con buena relaci\u00f3n presi\u00f3n\/caudal.<\/p>\n<\/div><div class=\"fusion-builder-row fusion-builder-row-inner fusion-row fusion-flex-align-items-flex-start fusion-flex-content-wrap\" style=\"width:104% !important;max-width:104% !important;margin-left: calc(-4% \/ 2 );margin-right: calc(-4% \/ 2 );\"><div class=\"fusion-layout-column fusion_builder_column_inner fusion-builder-nested-column-0 fusion_builder_column_inner_1_2 1_2 fusion-flex-column\" style=\"--awb-bg-size:cover;--awb-width-large:50%;--awb-margin-top-large:0px;--awb-spacing-right-large:3.84%;--awb-margin-bottom-large:20px;--awb-spacing-left-large:3.84%;--awb-width-medium:100%;--awb-order-medium:0;--awb-spacing-right-medium:1.92%;--awb-spacing-left-medium:1.92%;--awb-width-small:100%;--awb-order-small:0;--awb-spacing-right-small:1.92%;--awb-spacing-left-small:1.92%;\" data-scroll-devices=\"small-visibility,medium-visibility,large-visibility\"><div class=\"fusion-column-wrapper fusion-column-has-shadow fusion-flex-justify-content-flex-start fusion-content-layout-column\"><div class=\"fusion-image-element \" style=\"text-align:center;--awb-max-width:150px.;--awb-caption-title-font-family:var(--h2_typography-font-family);--awb-caption-title-font-weight:var(--h2_typography-font-weight);--awb-caption-title-font-style:var(--h2_typography-font-style);--awb-caption-title-size:var(--h2_typography-font-size);--awb-caption-title-transform:var(--h2_typography-text-transform);--awb-caption-title-line-height:var(--h2_typography-line-height);--awb-caption-title-letter-spacing:var(--h2_typography-letter-spacing);\"><span class=\" fusion-imageframe imageframe-none imageframe-2 hover-type-none\"><img decoding=\"async\" width=\"150\" height=\"95\" alt=\"Rotor de Palas Inclinadas hacia Atr\u00e1s | Backward Inclined\" title=\"Palas Rectas Inclinadas Atras\" src=\"https:\/\/www.chicagoblower.com.ar\/ar\/wp-content\/uploads\/Palas-Rectas-Inclinadas-Atras.jpg\" data-orig-src=\"https:\/\/www.chicagoblower.com.ar\/ar\/wp-content\/uploads\/Palas-Rectas-Inclinadas-Atras-150x95.jpg\" class=\"lazyload img-responsive wp-image-8622\" srcset=\"data:image\/svg+xml,%3Csvg%20xmlns%3D%27http%3A%2F%2Fwww.w3.org%2F2000%2Fsvg%27%20width%3D%27603%27%20height%3D%27381%27%20viewBox%3D%270%200%20603%20381%27%3E%3Crect%20width%3D%27603%27%20height%3D%27381%27%20fill-opacity%3D%220%22%2F%3E%3C%2Fsvg%3E\" data-srcset=\"https:\/\/www.chicagoblower.com.ar\/ar\/wp-content\/uploads\/Palas-Rectas-Inclinadas-Atras-200x126.jpg 200w, https:\/\/www.chicagoblower.com.ar\/ar\/wp-content\/uploads\/Palas-Rectas-Inclinadas-Atras-400x253.jpg 400w, https:\/\/www.chicagoblower.com.ar\/ar\/wp-content\/uploads\/Palas-Rectas-Inclinadas-Atras-600x379.jpg 600w, https:\/\/www.chicagoblower.com.ar\/ar\/wp-content\/uploads\/Palas-Rectas-Inclinadas-Atras.jpg 603w\" data-sizes=\"auto\" data-orig-sizes=\"(max-width: 800px) 100vw, (max-width: 640px) 100vw, 600px\" \/><\/span><\/div><\/div><\/div><div class=\"fusion-layout-column fusion_builder_column_inner fusion-builder-nested-column-1 fusion_builder_column_inner_1_2 1_2 fusion-flex-column\" style=\"--awb-bg-size:cover;--awb-width-large:50%;--awb-margin-top-large:0px;--awb-spacing-right-large:3.84%;--awb-margin-bottom-large:0px;--awb-spacing-left-large:3.84%;--awb-width-medium:100%;--awb-spacing-right-medium:1.92%;--awb-spacing-left-medium:1.92%;--awb-width-small:100%;--awb-spacing-right-small:1.92%;--awb-spacing-left-small:1.92%;\"><div class=\"fusion-column-wrapper fusion-column-has-shadow fusion-flex-justify-content-flex-start fusion-content-layout-column\"><div class=\"fusion-image-element \" style=\"text-align:center;--awb-max-width:150px.;--awb-caption-title-font-family:var(--h2_typography-font-family);--awb-caption-title-font-weight:var(--h2_typography-font-weight);--awb-caption-title-font-style:var(--h2_typography-font-style);--awb-caption-title-size:var(--h2_typography-font-size);--awb-caption-title-transform:var(--h2_typography-text-transform);--awb-caption-title-line-height:var(--h2_typography-line-height);--awb-caption-title-letter-spacing:var(--h2_typography-letter-spacing);\"><span class=\" fusion-imageframe imageframe-none imageframe-3 hover-type-none\"><img decoding=\"async\" width=\"147\" height=\"90\" alt=\"Rotor de Palas Curvadas hacia atr\u00e1s | Backward Curved\" title=\"Palas Curvadas Atras\" src=\"data:image\/svg+xml,%3Csvg%20xmlns%3D%27http%3A%2F%2Fwww.w3.org%2F2000%2Fsvg%27%20width%3D%27147%27%20height%3D%2790%27%20viewBox%3D%270%200%20147%2090%27%3E%3Crect%20width%3D%27147%27%20height%3D%2790%27%20fill-opacity%3D%220%22%2F%3E%3C%2Fsvg%3E\" data-orig-src=\"https:\/\/www.chicagoblower.com.ar\/ar\/wp-content\/uploads\/Palas-Curvadas-Atras.jpg\" class=\"lazyload img-responsive wp-image-8623\"\/><\/span><\/div><\/div><\/div><\/div><div class=\"fusion-text fusion-text-4\"><h2>Radiales (Radial y Radial Tip)<\/h2>\n<p>Los rotores centr\u00edfugos radiales de construcci\u00f3n robusta se utilizan en aplicaciones con <strong>gases con polvo, fibras o part\u00edculas abrasivas<\/strong>, con gran tolerancia al desgaste. Incorporan un dise\u00f1o <strong>autolimpiante<\/strong> que reduce la acumulaci\u00f3n de material en las palas. Se emplean ampliamente en <strong>sistemas de alta presi\u00f3n y bajo caudal<\/strong>, as\u00ed como en molinos, cementeras, papeleras y transporte neum\u00e1tico de materiales. Su durabilidad y resistencia los hacen ideales para condiciones severas de servicio.<\/p>\n<\/div><div class=\"fusion-builder-row fusion-builder-row-inner fusion-row fusion-flex-align-items-flex-start fusion-flex-content-wrap\" style=\"width:104% !important;max-width:104% !important;margin-left: calc(-4% \/ 2 );margin-right: calc(-4% \/ 2 );\"><div class=\"fusion-layout-column fusion_builder_column_inner fusion-builder-nested-column-2 fusion_builder_column_inner_1_2 1_2 fusion-flex-column\" style=\"--awb-bg-size:cover;--awb-width-large:50%;--awb-margin-top-large:0px;--awb-spacing-right-large:3.84%;--awb-margin-bottom-large:20px;--awb-spacing-left-large:3.84%;--awb-width-medium:100%;--awb-order-medium:0;--awb-spacing-right-medium:1.92%;--awb-spacing-left-medium:1.92%;--awb-width-small:100%;--awb-order-small:0;--awb-spacing-right-small:1.92%;--awb-spacing-left-small:1.92%;\" data-scroll-devices=\"small-visibility,medium-visibility,large-visibility\"><div class=\"fusion-column-wrapper fusion-column-has-shadow fusion-flex-justify-content-flex-start fusion-content-layout-column\"><div class=\"fusion-image-element \" style=\"text-align:center;--awb-max-width:150px.;--awb-caption-title-font-family:var(--h2_typography-font-family);--awb-caption-title-font-weight:var(--h2_typography-font-weight);--awb-caption-title-font-style:var(--h2_typography-font-style);--awb-caption-title-size:var(--h2_typography-font-size);--awb-caption-title-transform:var(--h2_typography-text-transform);--awb-caption-title-line-height:var(--h2_typography-line-height);--awb-caption-title-letter-spacing:var(--h2_typography-letter-spacing);\"><span class=\" fusion-imageframe imageframe-none imageframe-4 hover-type-none\"><img decoding=\"async\" width=\"150\" height=\"99\" alt=\"Rotor de Palas Radiales Autolimpiantes\" title=\"Palas Radiales\" src=\"https:\/\/www.chicagoblower.com.ar\/ar\/wp-content\/uploads\/Palas-Radiales.jpg\" data-orig-src=\"https:\/\/www.chicagoblower.com.ar\/ar\/wp-content\/uploads\/Palas-Radiales-150x99.jpg\" class=\"lazyload img-responsive wp-image-8624\" srcset=\"data:image\/svg+xml,%3Csvg%20xmlns%3D%27http%3A%2F%2Fwww.w3.org%2F2000%2Fsvg%27%20width%3D%27600%27%20height%3D%27395%27%20viewBox%3D%270%200%20600%20395%27%3E%3Crect%20width%3D%27600%27%20height%3D%27395%27%20fill-opacity%3D%220%22%2F%3E%3C%2Fsvg%3E\" data-srcset=\"https:\/\/www.chicagoblower.com.ar\/ar\/wp-content\/uploads\/Palas-Radiales-200x132.jpg 200w, https:\/\/www.chicagoblower.com.ar\/ar\/wp-content\/uploads\/Palas-Radiales-400x263.jpg 400w, https:\/\/www.chicagoblower.com.ar\/ar\/wp-content\/uploads\/Palas-Radiales.jpg 600w\" data-sizes=\"auto\" data-orig-sizes=\"(max-width: 800px) 100vw, (max-width: 640px) 100vw, 150px\" \/><\/span><\/div><\/div><\/div><div class=\"fusion-layout-column fusion_builder_column_inner fusion-builder-nested-column-3 fusion_builder_column_inner_1_2 1_2 fusion-flex-column\" style=\"--awb-bg-size:cover;--awb-width-large:50%;--awb-margin-top-large:0px;--awb-spacing-right-large:3.84%;--awb-margin-bottom-large:0px;--awb-spacing-left-large:3.84%;--awb-width-medium:100%;--awb-spacing-right-medium:1.92%;--awb-spacing-left-medium:1.92%;--awb-width-small:100%;--awb-spacing-right-small:1.92%;--awb-spacing-left-small:1.92%;\"><div class=\"fusion-column-wrapper fusion-column-has-shadow fusion-flex-justify-content-flex-start fusion-content-layout-column\"><div class=\"fusion-image-element \" style=\"text-align:center;--awb-max-width:150px.;--awb-caption-title-font-family:var(--h2_typography-font-family);--awb-caption-title-font-weight:var(--h2_typography-font-weight);--awb-caption-title-font-style:var(--h2_typography-font-style);--awb-caption-title-size:var(--h2_typography-font-size);--awb-caption-title-transform:var(--h2_typography-text-transform);--awb-caption-title-line-height:var(--h2_typography-line-height);--awb-caption-title-letter-spacing:var(--h2_typography-letter-spacing);\"><span class=\" fusion-imageframe imageframe-none imageframe-5 hover-type-none\"><img decoding=\"async\" width=\"150\" height=\"93\" alt=\"Rotor de Palas Radiales Autolimpiantes de alta eficiencia | Radial Tip\" title=\"Palas Radial Tip\" src=\"https:\/\/www.chicagoblower.com.ar\/ar\/wp-content\/uploads\/Palas-Radial-Tip.jpg\" data-orig-src=\"https:\/\/www.chicagoblower.com.ar\/ar\/wp-content\/uploads\/Palas-Radial-Tip-150x93.jpg\" class=\"lazyload img-responsive wp-image-8625\" srcset=\"data:image\/svg+xml,%3Csvg%20xmlns%3D%27http%3A%2F%2Fwww.w3.org%2F2000%2Fsvg%27%20width%3D%27593%27%20height%3D%27367%27%20viewBox%3D%270%200%20593%20367%27%3E%3Crect%20width%3D%27593%27%20height%3D%27367%27%20fill-opacity%3D%220%22%2F%3E%3C%2Fsvg%3E\" data-srcset=\"https:\/\/www.chicagoblower.com.ar\/ar\/wp-content\/uploads\/Palas-Radial-Tip-200x124.jpg 200w, https:\/\/www.chicagoblower.com.ar\/ar\/wp-content\/uploads\/Palas-Radial-Tip-400x248.jpg 400w, https:\/\/www.chicagoblower.com.ar\/ar\/wp-content\/uploads\/Palas-Radial-Tip.jpg 593w\" data-sizes=\"auto\" data-orig-sizes=\"(max-width: 800px) 100vw, (max-width: 640px) 100vw, 150px\" \/><\/span><\/div><\/div><\/div><\/div><div class=\"fusion-text fusion-text-5\"><h2>Multipala (Forward Curved)<\/h2>\n<p>Permiten generar <strong>altos caudales en espacios compactos<\/strong>, con presiones moderadas y bajo nivel sonoro. Dise\u00f1ados para <strong>aire limpio<\/strong>. Este tipo de rotor est\u00e1 presente en la l\u00ednea de <strong>ventiladores SEAT<\/strong> construidos en polipropileno reforzado con fibra de vidrio, utilizados principalmente para la <strong>extracci\u00f3n de gases corrosivos<\/strong> en cabinas y campanas de laboratorio.<\/p>\n<\/div><div class=\"fusion-image-element \" style=\"text-align:center;--awb-margin-bottom:20px;--awb-max-width:150px.;--awb-caption-title-font-family:var(--h2_typography-font-family);--awb-caption-title-font-weight:var(--h2_typography-font-weight);--awb-caption-title-font-style:var(--h2_typography-font-style);--awb-caption-title-size:var(--h2_typography-font-size);--awb-caption-title-transform:var(--h2_typography-text-transform);--awb-caption-title-line-height:var(--h2_typography-line-height);--awb-caption-title-letter-spacing:var(--h2_typography-letter-spacing);\"><span class=\" fusion-imageframe imageframe-none imageframe-6 hover-type-none\"><img decoding=\"async\" width=\"150\" height=\"95\" alt=\"Rotor de palas curvadas hacia adelante | Multipala\" title=\"Multipala &#8211; Curvada Adelante\" src=\"https:\/\/www.chicagoblower.com.ar\/ar\/wp-content\/uploads\/Multipala-Curvada-Adelante.jpg\" data-orig-src=\"https:\/\/www.chicagoblower.com.ar\/ar\/wp-content\/uploads\/Multipala-Curvada-Adelante-150x95.jpg\" class=\"lazyload img-responsive wp-image-8626\" srcset=\"data:image\/svg+xml,%3Csvg%20xmlns%3D%27http%3A%2F%2Fwww.w3.org%2F2000%2Fsvg%27%20width%3D%27600%27%20height%3D%27381%27%20viewBox%3D%270%200%20600%20381%27%3E%3Crect%20width%3D%27600%27%20height%3D%27381%27%20fill-opacity%3D%220%22%2F%3E%3C%2Fsvg%3E\" data-srcset=\"https:\/\/www.chicagoblower.com.ar\/ar\/wp-content\/uploads\/Multipala-Curvada-Adelante-200x127.jpg 200w, https:\/\/www.chicagoblower.com.ar\/ar\/wp-content\/uploads\/Multipala-Curvada-Adelante-400x254.jpg 400w, https:\/\/www.chicagoblower.com.ar\/ar\/wp-content\/uploads\/Multipala-Curvada-Adelante.jpg 600w\" data-sizes=\"auto\" data-orig-sizes=\"(max-width: 800px) 100vw, (max-width: 640px) 100vw, 150px\" \/><\/span><\/div><div class=\"fusion-separator fusion-full-width-sep\" style=\"align-self: center;margin-left: auto;margin-right: auto;width:100%;\"><div class=\"fusion-separator-border sep-single\" style=\"--awb-height:20px;--awb-amount:20px;border-color:#eae8e8;border-top-width:2px;\"><\/div><\/div><div class=\"fusion-text fusion-text-6\"><blockquote>\n<p>Cada tipo de rotor responde a condiciones de operaci\u00f3n espec\u00edficas \u2014principalmente relacionadas con el tipo de aire o gas que debe circular\u2014, asegurando el mejor equilibrio entre rendimiento, eficiencia y vida \u00fatil del ventilador.<\/p>\n<p>Para identificar el rotor m\u00e1s adecuado para su proceso, se invita a <strong>ponerse en contacto con nuestros t\u00e9cnicos especializados<\/strong>, quienes evaluar\u00e1n las condiciones de trabajo y recomendar\u00e1n la alternativa \u00f3ptima.<\/p>\n<\/blockquote>\n<\/div><\/div><\/div><\/div><\/div>\n","protected":false},"excerpt":{"rendered":"","protected":false},"author":1,"featured_media":0,"parent":14,"menu_order":0,"comment_status":"closed","ping_status":"closed","template":"","meta":{"_acf_changed":false,"_joinchat":[],"footnotes":""},"class_list":["post-8620","page","type-page","status-publish","hentry"],"acf":[],"_links":{"self":[{"href":"https:\/\/www.chicagoblower.com.ar\/ar\/wp-json\/wp\/v2\/pages\/8620","targetHints":{"allow":["GET"]}}],"collection":[{"href":"https:\/\/www.chicagoblower.com.ar\/ar\/wp-json\/wp\/v2\/pages"}],"about":[{"href":"https:\/\/www.chicagoblower.com.ar\/ar\/wp-json\/wp\/v2\/types\/page"}],"author":[{"embeddable":true,"href":"https:\/\/www.chicagoblower.com.ar\/ar\/wp-json\/wp\/v2\/users\/1"}],"replies":[{"embeddable":true,"href":"https:\/\/www.chicagoblower.com.ar\/ar\/wp-json\/wp\/v2\/comments?post=8620"}],"version-history":[{"count":8,"href":"https:\/\/www.chicagoblower.com.ar\/ar\/wp-json\/wp\/v2\/pages\/8620\/revisions"}],"predecessor-version":[{"id":8634,"href":"https:\/\/www.chicagoblower.com.ar\/ar\/wp-json\/wp\/v2\/pages\/8620\/revisions\/8634"}],"up":[{"embeddable":true,"href":"https:\/\/www.chicagoblower.com.ar\/ar\/wp-json\/wp\/v2\/pages\/14"}],"wp:attachment":[{"href":"https:\/\/www.chicagoblower.com.ar\/ar\/wp-json\/wp\/v2\/media?parent=8620"}],"curies":[{"name":"wp","href":"https:\/\/api.w.org\/{rel}","templated":true}]}}