{"id":1399,"date":"2020-03-25T17:50:57","date_gmt":"2020-03-25T20:50:57","guid":{"rendered":"http:\/\/chiblosa.com.ar\/ar\/?page_id=1399"},"modified":"2025-09-05T07:07:24","modified_gmt":"2025-09-05T10:07:24","slug":"datos-requeridos-para-realizar-un-pedido","status":"publish","type":"page","link":"https:\/\/www.chicagoblower.com.ar\/ar\/datos-requeridos-para-realizar-un-pedido\/","title":{"rendered":"Informaci\u00f3n requerida para realizar un pedido"},"content":{"rendered":"<div class=\"fusion-fullwidth fullwidth-box fusion-builder-row-1 fusion-flex-container nonhundred-percent-fullwidth non-hundred-percent-height-scrolling\" style=\"--awb-border-radius-top-left:0px;--awb-border-radius-top-right:0px;--awb-border-radius-bottom-right:0px;--awb-border-radius-bottom-left:0px;--awb-flex-wrap:wrap;\" ><div class=\"fusion-builder-row fusion-row fusion-flex-align-items-flex-start fusion-flex-content-wrap\" style=\"max-width:1216.8px;margin-left: calc(-4% \/ 2 );margin-right: calc(-4% \/ 2 );\"><div class=\"fusion-layout-column fusion_builder_column fusion-builder-column-0 fusion_builder_column_1_1 1_1 fusion-flex-column\" style=\"--awb-bg-blend:overlay;--awb-bg-size:cover;--awb-width-large:100%;--awb-margin-top-large:0px;--awb-spacing-right-large:1.92%;--awb-margin-bottom-large:0px;--awb-spacing-left-large:1.92%;--awb-width-medium:100%;--awb-spacing-right-medium:1.92%;--awb-spacing-left-medium:1.92%;--awb-width-small:100%;--awb-spacing-right-small:1.92%;--awb-spacing-left-small:1.92%;\"><div class=\"fusion-column-wrapper fusion-flex-justify-content-flex-start fusion-content-layout-column\"><div class=\"fusion-title title fusion-title-1 fusion-sep-none fusion-title-text fusion-title-size-one\"><h1 class=\"fusion-title-heading title-heading-left fusion-responsive-typography-calculated\" style=\"margin:0;--fontSize:34;line-height:1.40;\"><section id=\"informacion-pedido\">\n<h1>Informaci\u00f3n requerida para realizar un pedido<\/h1>\n<\/section><\/h1><\/div><div class=\"fusion-text fusion-text-1\"><p>Para iniciar un pedido de ventiladores centr\u00edfugos es imprescindible contar con ciertos datos que permitan definir correctamente el equipo. El <strong>tama\u00f1o del ventilador ser\u00e1 establecido por Chicago Blower<\/strong> a partir de la informaci\u00f3n suministrada.<\/p>\n<p><strong>Datos m\u00ednimos a considerar:<\/strong><\/p>\n<ul>\n<li><strong>Aplicaci\u00f3n o proceso<\/strong> en el que se utilizar\u00e1 el ventilador.<\/li>\n<li><strong>Tipo de aire o gas<\/strong> a mover (limpio, polvoriento, con fibras, corrosivo, etc.).<\/li>\n<li>Si el servicio es de <strong>ventilaci\u00f3n forzada o inducida<\/strong>.<\/li>\n<li><strong>Modo de operaci\u00f3n<\/strong>: con poleas y correas o acople directo, con o sin variador de frecuencia (VFD).<\/li>\n<li><strong>Clase constructiva<\/strong> (o, en su defecto, <strong>velocidad m\u00e1xima<\/strong> y <strong>temperatura m\u00e1xima<\/strong> de operaci\u00f3n).<\/li>\n<li><a href=\"https:\/\/www.chicagoblower.com.ar\/ar\/herramientas-para-ventiladores\/arreglos-constructivos\/\"><strong>Arreglo constructivo<\/strong><\/a> requerido.<\/li>\n<li><a href=\"https:\/\/www.chicagoblower.com.ar\/ar\/herramientas-para-ventiladores\/posiciones-de-descarga\/\"><strong>Sentido de giro<\/strong> y <strong>posici\u00f3n de descarga<\/strong><\/a>.<\/li>\n<li><a href=\"https:\/\/www.chicagoblower.com.ar\/ar\/herramientas-para-ventiladores\/posiciones-de-motor\/\"><strong>Posici\u00f3n de montaje del motor<\/strong><\/a> (aplicable solo en equipos con poleas y correas).<\/li>\n<li><strong>Restricciones de espacio<\/strong> relevantes para la instalaci\u00f3n.<\/li>\n<\/ul>\n<p>Adicionalmente, indique los <strong>accesorios<\/strong> necesarios para completar la instalaci\u00f3n y optimizar el funcionamiento del equipo, como cajas de aspiraci\u00f3n, registros de regulaci\u00f3n de caudal, juntas el\u00e1sticas de entrada o salida, sistemas antivibratorios y otros elementos opcionales descritos en nuestras p\u00e1ginas internas de productos.<\/p>\n<p>Si a\u00fan no cuenta con una selecci\u00f3n t\u00e9cnica que determine los datos de dise\u00f1o, clase o arreglo constructivo, env\u00ede las <strong>prestaciones requeridas<\/strong> (caudal, presi\u00f3n y condiciones de operaci\u00f3n). Con esta informaci\u00f3n se realizar\u00e1 la selecci\u00f3n m\u00e1s adecuada y se recomendar\u00e1 el equipo o los equipos correctos.<\/p>\n<\/div><div class=\"fusion-section-separator section-separator triangle fusion-section-separator-1\" style=\"--awb-border-top:1px solid #f5f5f5;--awb-spacer-height:1px;--awb-svg-margin-left:1.92%;--awb-svg-margin-right:1.92%;--awb-svg-margin-left-medium:1.92%;--awb-svg-margin-right-medium:1.92%;--awb-svg-margin-left-small:1.92%;--awb-svg-margin-right-small:1.92%;--awb-icon-color:;--awb-margin-top:20px;--awb-margin-bottom:20px;\"><div class=\"fusion-section-separator-svg\"><div class=\"divider-candy-arrow top\" style=\"bottom:0px;border-bottom-color: #f5f5f5;\"><\/div><div class=\"divider-candy top\" style=\"top:-21px;border-bottom:1px solid #f5f5f5;border-left:1px solid #f5f5f5;\"><\/div><\/div><div class=\"fusion-section-separator-spacer\"><div class=\"fusion-section-separator-spacer-height\"><\/div><\/div><\/div><div style=\"text-align:center;\"><a class=\"fusion-button button-flat fusion-button-default-size button-custom fusion-button-default button-1 fusion-button-default-span fusion-button-default-type\" style=\"--button_accent_color:#ffffff;--button_border_color:#ffffff;--button_accent_hover_color:#333333;--button_border_hover_color:#333333;--button_border_width-top:2px;--button_border_width-right:2px;--button_border_width-bottom:2px;--button_border_width-left:2px;--button_gradient_top_color:#333333;--button_gradient_bottom_color:#333333;--button_gradient_top_color_hover:#ffffff;--button_gradient_bottom_color_hover:#ffffff;\" target=\"_self\" href=\"http:\/\/chicagoblower.com.ar\/ar\/solicitar-cotizacion\/\"><span class=\"fusion-button-text awb-button__text awb-button__text--default\">Solicite Una Cotizaci\u00f3n<\/span><\/a><\/div>\n<\/div><\/div><\/div><\/div>\n","protected":false},"excerpt":{"rendered":"","protected":false},"author":1,"featured_media":0,"parent":0,"menu_order":0,"comment_status":"closed","ping_status":"closed","template":"","meta":{"_acf_changed":false,"_joinchat":[],"footnotes":""},"class_list":["post-1399","page","type-page","status-publish","hentry"],"acf":[],"_links":{"self":[{"href":"https:\/\/www.chicagoblower.com.ar\/ar\/wp-json\/wp\/v2\/pages\/1399","targetHints":{"allow":["GET"]}}],"collection":[{"href":"https:\/\/www.chicagoblower.com.ar\/ar\/wp-json\/wp\/v2\/pages"}],"about":[{"href":"https:\/\/www.chicagoblower.com.ar\/ar\/wp-json\/wp\/v2\/types\/page"}],"author":[{"embeddable":true,"href":"https:\/\/www.chicagoblower.com.ar\/ar\/wp-json\/wp\/v2\/users\/1"}],"replies":[{"embeddable":true,"href":"https:\/\/www.chicagoblower.com.ar\/ar\/wp-json\/wp\/v2\/comments?post=1399"}],"version-history":[{"count":9,"href":"https:\/\/www.chicagoblower.com.ar\/ar\/wp-json\/wp\/v2\/pages\/1399\/revisions"}],"predecessor-version":[{"id":8644,"href":"https:\/\/www.chicagoblower.com.ar\/ar\/wp-json\/wp\/v2\/pages\/1399\/revisions\/8644"}],"wp:attachment":[{"href":"https:\/\/www.chicagoblower.com.ar\/ar\/wp-json\/wp\/v2\/media?parent=1399"}],"curies":[{"name":"wp","href":"https:\/\/api.w.org\/{rel}","templated":true}]}}