{"id":1357,"date":"2020-03-24T19:26:14","date_gmt":"2020-03-24T22:26:14","guid":{"rendered":"http:\/\/chiblosa.com.ar\/ar\/?page_id=1357"},"modified":"2020-04-01T00:44:26","modified_gmt":"2020-04-01T03:44:26","slug":"posiciones-de-motor","status":"publish","type":"page","link":"https:\/\/www.chicagoblower.com.ar\/ar\/herramientas-para-ventiladores\/posiciones-de-motor\/","title":{"rendered":"Posiciones de Motor"},"content":{"rendered":"<div class=\"fusion-fullwidth fullwidth-box fusion-builder-row-1 fusion-flex-container nonhundred-percent-fullwidth non-hundred-percent-height-scrolling\" style=\"--awb-border-radius-top-left:0px;--awb-border-radius-top-right:0px;--awb-border-radius-bottom-right:0px;--awb-border-radius-bottom-left:0px;--awb-flex-wrap:wrap;\" ><div class=\"fusion-builder-row fusion-row fusion-flex-align-items-flex-start fusion-flex-content-wrap\" style=\"max-width:1216.8px;margin-left: calc(-4% \/ 2 );margin-right: calc(-4% \/ 2 );\"><div class=\"fusion-layout-column fusion_builder_column fusion-builder-column-0 fusion_builder_column_1_1 1_1 fusion-flex-column\" style=\"--awb-bg-size:cover;--awb-width-large:100%;--awb-margin-top-large:0px;--awb-spacing-right-large:1.92%;--awb-margin-bottom-large:0px;--awb-spacing-left-large:1.92%;--awb-width-medium:100%;--awb-spacing-right-medium:1.92%;--awb-spacing-left-medium:1.92%;--awb-width-small:100%;--awb-spacing-right-small:1.92%;--awb-spacing-left-small:1.92%;\"><div class=\"fusion-column-wrapper fusion-flex-justify-content-flex-start fusion-content-layout-column\"><div class=\"fusion-text fusion-text-1\"><h1>Posiciones de motor<\/h1>\n<p><strong>Ventiladores centr\u00edfugos de accionamiento por correa (poleas y correas)<\/strong><\/p>\n<p><strong>A continuaci\u00f3n encontrar\u00e1 las diferentes posiciones de motor que usted podr\u00e1 solicitar si su instalaci\u00f3n requiere una disposici\u00f3n en particular.<\/strong><\/p>\n<p>Si no se especifica se utilizar\u00e1 la posici\u00f3n Z o W en funci\u00f3n de la posici\u00f3n de descarga del equipo para asegurarse que el motor quede del lado opuesto a la descarga del ventilador.<\/p>\n<h2>Posiciones de la ubicaci\u00f3n del motor en Arreglo 1 (Arr 1 con base unificadora)<\/h2>\n<\/div><div class=\"fusion-image-element \" style=\"text-align:center;--awb-caption-title-font-family:var(--h2_typography-font-family);--awb-caption-title-font-weight:var(--h2_typography-font-weight);--awb-caption-title-font-style:var(--h2_typography-font-style);--awb-caption-title-size:var(--h2_typography-font-size);--awb-caption-title-transform:var(--h2_typography-text-transform);--awb-caption-title-line-height:var(--h2_typography-line-height);--awb-caption-title-letter-spacing:var(--h2_typography-letter-spacing);\"><span class=\" fusion-imageframe imageframe-none imageframe-1 hover-type-none\"><img decoding=\"async\" width=\"152\" height=\"182\" alt=\"Posiciones de Motor\" title=\"Posiciones de motor\" src=\"data:image\/svg+xml,%3Csvg%20xmlns%3D%27http%3A%2F%2Fwww.w3.org%2F2000%2Fsvg%27%20width%3D%27152%27%20height%3D%27182%27%20viewBox%3D%270%200%20152%20182%27%3E%3Crect%20width%3D%27152%27%20height%3D%27182%27%20fill-opacity%3D%220%22%2F%3E%3C%2Fsvg%3E\" data-orig-src=\"http:\/\/chiblosa.com.ar\/ar\/wp-content\/uploads\/2020\/03\/posiciones-de-motor.png\" class=\"lazyload img-responsive wp-image-1358\"\/><\/span><\/div><div class=\"fusion-text fusion-text-2\"><p>Las posiciones W y Z son las m\u00e1s compactas ya que el motor queda m\u00e1s cerca del ventilador. Las posiciones X e Y ocupan m\u00e1s espacio pero son requeridas en algunos casos para evitar que el motor quede debajo del conducto de descarga o cuando el espacio que hay detr\u00e1s el ventilador es limitado para las posiciones W o Z.<\/p>\n<\/div><div class=\"fusion-separator fusion-full-width-sep\" style=\"align-self: center;margin-left: auto;margin-right: auto;width:100%;\"><div class=\"fusion-separator-border sep-single\" style=\"--awb-height:20px;--awb-amount:20px;border-color:#eae8e8;border-top-width:2px;\"><\/div><\/div><div class=\"fusion-text fusion-text-3\"><h2>Posiciones del motor en arreglo 9 (Arr9) &#8211; Sin base unificadora<\/h2>\n<p>Esta configuraci\u00f3n no requiere base unificadora. Est\u00e1 limitada por el tama\u00f1o del ventilador y el tama\u00f1o del motor.<\/p>\n<p>Nota: Vista del lado del acople.<\/p>\n<\/div><div class=\"fusion-builder-row fusion-builder-row-inner fusion-row fusion-flex-align-items-flex-start fusion-flex-content-wrap\" style=\"width:104% !important;max-width:104% !important;margin-left: calc(-4% \/ 2 );margin-right: calc(-4% \/ 2 );\"><div class=\"fusion-layout-column fusion_builder_column_inner fusion-builder-nested-column-0 fusion_builder_column_inner_1_3 1_3 fusion-flex-column\" style=\"--awb-bg-size:cover;--awb-width-large:33.333333333333%;--awb-margin-top-large:0px;--awb-spacing-right-large:5.76%;--awb-margin-bottom-large:0px;--awb-spacing-left-large:5.76%;--awb-width-medium:100%;--awb-spacing-right-medium:1.92%;--awb-spacing-left-medium:1.92%;--awb-width-small:100%;--awb-spacing-right-small:1.92%;--awb-spacing-left-small:1.92%;\"><div class=\"fusion-column-wrapper fusion-column-has-shadow fusion-flex-justify-content-flex-start fusion-content-layout-column\"><div class=\"fusion-image-element \" style=\"text-align:center;--awb-caption-title-font-family:var(--h2_typography-font-family);--awb-caption-title-font-weight:var(--h2_typography-font-weight);--awb-caption-title-font-style:var(--h2_typography-font-style);--awb-caption-title-size:var(--h2_typography-font-size);--awb-caption-title-transform:var(--h2_typography-text-transform);--awb-caption-title-line-height:var(--h2_typography-line-height);--awb-caption-title-letter-spacing:var(--h2_typography-letter-spacing);\"><span class=\" fusion-imageframe imageframe-none imageframe-2 hover-type-none\"><img decoding=\"async\" width=\"84\" height=\"88\" alt=\"Arreglo Constructivo 9R - Ventilador Centr\u00edfugo\" title=\"Arreglo Constructivo 9R &#8211; Ventilador Centr\u00edfugo\" src=\"data:image\/svg+xml,%3Csvg%20xmlns%3D%27http%3A%2F%2Fwww.w3.org%2F2000%2Fsvg%27%20width%3D%2784%27%20height%3D%2788%27%20viewBox%3D%270%200%2084%2088%27%3E%3Crect%20width%3D%2784%27%20height%3D%2788%27%20fill-opacity%3D%220%22%2F%3E%3C%2Fsvg%3E\" data-orig-src=\"http:\/\/chiblosa.com.ar\/ar\/wp-content\/uploads\/2020\/03\/Arr-9R.png\" class=\"lazyload img-responsive wp-image-1360\"\/><\/span><\/div><div class=\"fusion-text fusion-text-4\"><p>Arr 9R \u2013 Arreglo 9 con el motor a la derecha del pedestal de rodamientos.<\/p>\n<\/div><\/div><\/div><div class=\"fusion-layout-column fusion_builder_column_inner fusion-builder-nested-column-1 fusion_builder_column_inner_1_3 1_3 fusion-flex-column\" style=\"--awb-bg-size:cover;--awb-width-large:33.333333333333%;--awb-margin-top-large:0px;--awb-spacing-right-large:5.76%;--awb-margin-bottom-large:0px;--awb-spacing-left-large:5.76%;--awb-width-medium:100%;--awb-spacing-right-medium:1.92%;--awb-spacing-left-medium:1.92%;--awb-width-small:100%;--awb-spacing-right-small:1.92%;--awb-spacing-left-small:1.92%;\"><div class=\"fusion-column-wrapper fusion-column-has-shadow fusion-flex-justify-content-flex-start fusion-content-layout-column\"><div class=\"fusion-image-element \" style=\"text-align:center;--awb-caption-title-font-family:var(--h2_typography-font-family);--awb-caption-title-font-weight:var(--h2_typography-font-weight);--awb-caption-title-font-style:var(--h2_typography-font-style);--awb-caption-title-size:var(--h2_typography-font-size);--awb-caption-title-transform:var(--h2_typography-text-transform);--awb-caption-title-line-height:var(--h2_typography-line-height);--awb-caption-title-letter-spacing:var(--h2_typography-letter-spacing);\"><span class=\" fusion-imageframe imageframe-none imageframe-3 hover-type-none\"><img decoding=\"async\" width=\"84\" height=\"88\" alt=\"Arreglo Constructivo 9L - Ventilador Centr\u00edfugo\" title=\"Arreglo Constructivo 9L &#8211; Ventilador Centr\u00edfugo\" src=\"data:image\/svg+xml,%3Csvg%20xmlns%3D%27http%3A%2F%2Fwww.w3.org%2F2000%2Fsvg%27%20width%3D%2784%27%20height%3D%2788%27%20viewBox%3D%270%200%2084%2088%27%3E%3Crect%20width%3D%2784%27%20height%3D%2788%27%20fill-opacity%3D%220%22%2F%3E%3C%2Fsvg%3E\" data-orig-src=\"http:\/\/chiblosa.com.ar\/ar\/wp-content\/uploads\/2020\/03\/Arr-9L.png\" class=\"lazyload img-responsive wp-image-1359\"\/><\/span><\/div><div class=\"fusion-text fusion-text-5\"><p>Arr 9L \u2013 Arreglo 9 con el motor a la izquierda del pedestal de rodamientos.<\/p>\n<\/div><\/div><\/div><div class=\"fusion-layout-column fusion_builder_column_inner fusion-builder-nested-column-2 fusion_builder_column_inner_1_3 1_3 fusion-flex-column\" style=\"--awb-bg-size:cover;--awb-width-large:33.333333333333%;--awb-margin-top-large:0px;--awb-spacing-right-large:5.76%;--awb-margin-bottom-large:0px;--awb-spacing-left-large:5.76%;--awb-width-medium:100%;--awb-spacing-right-medium:1.92%;--awb-spacing-left-medium:1.92%;--awb-width-small:100%;--awb-spacing-right-small:1.92%;--awb-spacing-left-small:1.92%;\"><div class=\"fusion-column-wrapper fusion-column-has-shadow fusion-flex-justify-content-flex-start fusion-content-layout-column\"><div class=\"fusion-image-element \" style=\"text-align:center;--awb-caption-title-font-family:var(--h2_typography-font-family);--awb-caption-title-font-weight:var(--h2_typography-font-weight);--awb-caption-title-font-style:var(--h2_typography-font-style);--awb-caption-title-size:var(--h2_typography-font-size);--awb-caption-title-transform:var(--h2_typography-text-transform);--awb-caption-title-line-height:var(--h2_typography-line-height);--awb-caption-title-letter-spacing:var(--h2_typography-letter-spacing);\"><span class=\" fusion-imageframe imageframe-none imageframe-4 hover-type-none\"><img decoding=\"async\" width=\"108\" height=\"95\" alt=\"Arreglo Constructivo 9T - Ventilador Centr\u00edfugo\" title=\"Arreglo Constructivo 9T &#8211; Ventilador Centr\u00edfugo\" src=\"data:image\/svg+xml,%3Csvg%20xmlns%3D%27http%3A%2F%2Fwww.w3.org%2F2000%2Fsvg%27%20width%3D%27108%27%20height%3D%2795%27%20viewBox%3D%270%200%20108%2095%27%3E%3Crect%20width%3D%27108%27%20height%3D%2795%27%20fill-opacity%3D%220%22%2F%3E%3C%2Fsvg%3E\" data-orig-src=\"http:\/\/chiblosa.com.ar\/ar\/wp-content\/uploads\/2020\/03\/Arr-9T.png\" class=\"lazyload img-responsive wp-image-1361\"\/><\/span><\/div><div class=\"fusion-text fusion-text-6\"><p>Arr 9T \u2013 Arreglo 9 con el motor sobre la carcasa.<\/p>\n<p>Arr 9SL \u2013 Arreglo 9 con el motor sobre el lado izquierdo de la carcasa del ventilador.<\/p>\n<p>Arr 9SR \u2013 Arreglo 9 con el motor sobre el lado derecho de la carcasa del ventilador.<\/p>\n<\/div><\/div><\/div><\/div><div class=\"fusion-separator fusion-full-width-sep\" style=\"align-self: center;margin-left: auto;margin-right: auto;width:100%;\"><div class=\"fusion-separator-border sep-single\" style=\"--awb-height:20px;--awb-amount:20px;border-color:#eae8e8;border-top-width:2px;\"><\/div><\/div><div class=\"fusion-text fusion-text-7\"><h2>Posiciones de Motor para Ventiladores Axiales y Centrifugos en l\u00ednea<\/h2>\n<p>Nota: Posiciones del motor vistas desde del lado de acople<\/p>\n<\/div><div class=\"fusion-builder-row fusion-builder-row-inner fusion-row fusion-flex-align-items-flex-start fusion-flex-content-wrap\" style=\"width:104% !important;max-width:104% !important;margin-left: calc(-4% \/ 2 );margin-right: calc(-4% \/ 2 );\"><div class=\"fusion-layout-column fusion_builder_column_inner fusion-builder-nested-column-3 fusion_builder_column_inner_1_2 1_2 fusion-flex-column\" style=\"--awb-bg-size:cover;--awb-width-large:50%;--awb-margin-top-large:0px;--awb-spacing-right-large:3.84%;--awb-margin-bottom-large:0px;--awb-spacing-left-large:3.84%;--awb-width-medium:100%;--awb-spacing-right-medium:1.92%;--awb-spacing-left-medium:1.92%;--awb-width-small:100%;--awb-spacing-right-small:1.92%;--awb-spacing-left-small:1.92%;\"><div class=\"fusion-column-wrapper fusion-column-has-shadow fusion-flex-justify-content-flex-start fusion-content-layout-column\"><div class=\"fusion-image-element \" style=\"text-align:center;--awb-caption-title-font-family:var(--h2_typography-font-family);--awb-caption-title-font-weight:var(--h2_typography-font-weight);--awb-caption-title-font-style:var(--h2_typography-font-style);--awb-caption-title-size:var(--h2_typography-font-size);--awb-caption-title-transform:var(--h2_typography-text-transform);--awb-caption-title-line-height:var(--h2_typography-line-height);--awb-caption-title-letter-spacing:var(--h2_typography-letter-spacing);\"><span class=\" fusion-imageframe imageframe-none imageframe-5 hover-type-none\"><img decoding=\"async\" width=\"96\" height=\"74\" title=\"Posici\u00f3n de Motor &#8211; Centr\u00edfugos en Linea\" src=\"data:image\/svg+xml,%3Csvg%20xmlns%3D%27http%3A%2F%2Fwww.w3.org%2F2000%2Fsvg%27%20width%3D%2796%27%20height%3D%2774%27%20viewBox%3D%270%200%2096%2074%27%3E%3Crect%20width%3D%2796%27%20height%3D%2774%27%20fill-opacity%3D%220%22%2F%3E%3C%2Fsvg%3E\" data-orig-src=\"http:\/\/chiblosa.com.ar\/ar\/wp-content\/uploads\/2020\/03\/Posici\u00f3n-de-Motor-Centr\u00edfugos-en-Linea.png\" alt class=\"lazyload img-responsive wp-image-1362\"\/><\/span><\/div><div class=\"fusion-text fusion-text-8\"><p>Arr 1L \u2013 Arreglo 1 con el motor a la izquierda sobre base unificadora.<br \/>\nArr 1R &#8211; Arreglo 1 con el motor a la derecha sobre base unificadora.<\/p>\n<\/div><\/div><\/div><div class=\"fusion-layout-column fusion_builder_column_inner fusion-builder-nested-column-4 fusion_builder_column_inner_1_2 1_2 fusion-flex-column\" style=\"--awb-bg-size:cover;--awb-width-large:50%;--awb-margin-top-large:0px;--awb-spacing-right-large:3.84%;--awb-margin-bottom-large:0px;--awb-spacing-left-large:3.84%;--awb-width-medium:100%;--awb-spacing-right-medium:1.92%;--awb-spacing-left-medium:1.92%;--awb-width-small:100%;--awb-spacing-right-small:1.92%;--awb-spacing-left-small:1.92%;\"><div class=\"fusion-column-wrapper fusion-column-has-shadow fusion-flex-justify-content-flex-start fusion-content-layout-column\"><div class=\"fusion-image-element \" style=\"text-align:center;--awb-caption-title-font-family:var(--h2_typography-font-family);--awb-caption-title-font-weight:var(--h2_typography-font-weight);--awb-caption-title-font-style:var(--h2_typography-font-style);--awb-caption-title-size:var(--h2_typography-font-size);--awb-caption-title-transform:var(--h2_typography-text-transform);--awb-caption-title-line-height:var(--h2_typography-line-height);--awb-caption-title-letter-spacing:var(--h2_typography-letter-spacing);\"><span class=\" fusion-imageframe imageframe-none imageframe-6 hover-type-none\"><img decoding=\"async\" width=\"131\" height=\"123\" title=\"Posiciones de Motor &#8211; Centr\u00edfugos y Axiales en L\u00ednea\" src=\"data:image\/svg+xml,%3Csvg%20xmlns%3D%27http%3A%2F%2Fwww.w3.org%2F2000%2Fsvg%27%20width%3D%27131%27%20height%3D%27123%27%20viewBox%3D%270%200%20131%20123%27%3E%3Crect%20width%3D%27131%27%20height%3D%27123%27%20fill-opacity%3D%220%22%2F%3E%3C%2Fsvg%3E\" data-orig-src=\"http:\/\/chiblosa.com.ar\/ar\/wp-content\/uploads\/2020\/03\/Posiciones-de-Motor-Centr\u00edfugos-y-Axiales-en-L\u00ednea.png\" alt class=\"lazyload img-responsive wp-image-1363\"\/><\/span><\/div><div class=\"fusion-text fusion-text-9\"><p>Arreglo 9 con el motor sobre la carcasa del ventilador.<br \/>\nUsualmente la posici\u00f3n del motor en esta clase de ventiladores solo importa para definir la posici\u00f3n relativa respecto de las patas de montaje, soportes y las placas de identificaci\u00f3n.<\/p>\n<\/div><\/div><\/div><\/div><\/div><\/div><\/div><\/div>\n","protected":false},"excerpt":{"rendered":"","protected":false},"author":1,"featured_media":0,"parent":14,"menu_order":0,"comment_status":"closed","ping_status":"closed","template":"","meta":{"_acf_changed":false,"_joinchat":[],"footnotes":""},"class_list":["post-1357","page","type-page","status-publish","hentry"],"acf":[],"_links":{"self":[{"href":"https:\/\/www.chicagoblower.com.ar\/ar\/wp-json\/wp\/v2\/pages\/1357","targetHints":{"allow":["GET"]}}],"collection":[{"href":"https:\/\/www.chicagoblower.com.ar\/ar\/wp-json\/wp\/v2\/pages"}],"about":[{"href":"https:\/\/www.chicagoblower.com.ar\/ar\/wp-json\/wp\/v2\/types\/page"}],"author":[{"embeddable":true,"href":"https:\/\/www.chicagoblower.com.ar\/ar\/wp-json\/wp\/v2\/users\/1"}],"replies":[{"embeddable":true,"href":"https:\/\/www.chicagoblower.com.ar\/ar\/wp-json\/wp\/v2\/comments?post=1357"}],"version-history":[{"count":8,"href":"https:\/\/www.chicagoblower.com.ar\/ar\/wp-json\/wp\/v2\/pages\/1357\/revisions"}],"predecessor-version":[{"id":1568,"href":"https:\/\/www.chicagoblower.com.ar\/ar\/wp-json\/wp\/v2\/pages\/1357\/revisions\/1568"}],"up":[{"embeddable":true,"href":"https:\/\/www.chicagoblower.com.ar\/ar\/wp-json\/wp\/v2\/pages\/14"}],"wp:attachment":[{"href":"https:\/\/www.chicagoblower.com.ar\/ar\/wp-json\/wp\/v2\/media?parent=1357"}],"curies":[{"name":"wp","href":"https:\/\/api.w.org\/{rel}","templated":true}]}}